{"id":4016,"date":"2020-12-25T05:54:47","date_gmt":"2020-12-25T05:54:47","guid":{"rendered":"https:\/\/ninetheme.com\/themes\/agrikon\/?page_id=4016"},"modified":"2025-07-23T16:47:02","modified_gmt":"2025-07-23T14:47:02","slug":"about-2-2","status":"publish","type":"page","link":"https:\/\/cooperativamontiazzurri.it\/?page_id=4016","title":{"rendered":"About #2"},"content":{"rendered":"\t\t<div data-elementor-type=\"wp-page\" data-elementor-id=\"4016\" class=\"elementor elementor-4016\">\n\t\t\t\t\t\t<section class=\"elementor-section elementor-top-section elementor-element elementor-element-24e65dd elementor-section-height-min-height elementor-section-full_width elementor-section-height-default elementor-section-items-middle nt-section-ripped-top ripped-top-no nt-section-ripped-bottom ripped-bottom-no\" data-id=\"24e65dd\" data-element_type=\"section\">\n\t\t\t\t\t\t<div class=\"elementor-container elementor-column-gap-no\">\n\t\t\t\t\t<div class=\"elementor-column elementor-col-100 elementor-top-column elementor-element elementor-element-eef7f38\" data-id=\"eef7f38\" data-element_type=\"column\">\n\t\t\t<div class=\"elementor-widget-wrap elementor-element-populated\">\n\t\t\t\t\t\t<div class=\"elementor-element elementor-element-9b9c24a elementor-widget elementor-widget-agrikon-page-hero\" data-id=\"9b9c24a\" data-element_type=\"widget\" data-widget_type=\"agrikon-page-hero.default\">\n\t\t\t\t<div class=\"elementor-widget-container\">\n\t\t\t\t\t<div class=\"page-header ripped-off\"><div class=\"page-header__bg\"><\/div><div class=\"container\"><div aria-label=\"Breadcrumbs\" class=\"breadcrumb-trail breadcrumbs\"><ul class=\"breadcrumbs thm-breadcrumb list-unstyled\"><li  class=\"trail-item breadcrumb_item trail-end breadcrumb_active\"><a href=\"https:\/\/cooperativamontiazzurri.it\" rel=\"home\" itemprop=\"item\"><span>Home<\/span><\/a><\/li><\/ul><\/div><h2 class=\"page-title\">Chi siamo<\/h2><\/div><\/div>\t\t\t\t<\/div>\n\t\t\t\t<\/div>\n\t\t\t\t\t<\/div>\n\t\t<\/div>\n\t\t\t\t\t<\/div>\n\t\t<\/section>\n\t\t\t\t<div class=\"elementor-section elementor-top-section elementor-element elementor-element-bb81d5d nt-section section-padding elementor-section-content-middle elementor-section-boxed elementor-section-height-default elementor-section-height-default nt-section-ripped-top ripped-top-no nt-section-ripped-bottom ripped-bottom-no\" data-id=\"bb81d5d\" data-element_type=\"section\" data-settings=\"{&quot;background_background&quot;:&quot;classic&quot;}\">\n\t\t\t\t\t\t<div class=\"elementor-container elementor-column-gap-default\">\n\t\t\t\t\t<div class=\"elementor-column elementor-col-50 elementor-top-column elementor-element elementor-element-6a489743\" data-id=\"6a489743\" data-element_type=\"column\">\n\t\t\t<div class=\"elementor-widget-wrap elementor-element-populated\">\n\t\t\t\t\t\t<div class=\"elementor-element elementor-element-6867bb19 agrikon-transform transform-type-translate elementor-widget elementor-widget-heading\" data-id=\"6867bb19\" data-element_type=\"widget\" data-widget_type=\"heading.default\">\n\t\t\t\t<div class=\"elementor-widget-container\">\n\t\t\t\t\t<p class=\"elementor-heading-title elementor-size-default\">Benvenuti<\/p>\t\t\t\t<\/div>\n\t\t\t\t<\/div>\n\t\t\t\t<div class=\"elementor-element elementor-element-2c5362af agrikon-transform transform-type-translate elementor-widget elementor-widget-heading\" data-id=\"2c5362af\" data-element_type=\"widget\" data-widget_type=\"heading.default\">\n\t\t\t\t<div class=\"elementor-widget-container\">\n\t\t\t\t\t<h3 class=\"elementor-heading-title elementor-size-default\">Cooperativa Monti Azzurri<\/h3>\t\t\t\t<\/div>\n\t\t\t\t<\/div>\n\t\t\t\t<div class=\"elementor-element elementor-element-4f8a426 agrikon-transform transform-type-translate elementor-widget elementor-widget-heading\" data-id=\"4f8a426\" data-element_type=\"widget\" data-widget_type=\"heading.default\">\n\t\t\t\t<div class=\"elementor-widget-container\">\n\t\t\t\t\t<p class=\"elementor-heading-title elementor-size-default\">La Cooperativa Monti Azzurri nasce ai piedi dell\u2019Appennino, dove la natura incontaminata e l\u2019amore per le api si incontrano per dare vita a prodotti autentici e sostenibili. Siamo un gruppo di apicoltori e artigiani uniti dalla passione per il territorio e dalla volont\u00e0 di valorizzare i frutti del lavoro delle api.\n\nProduciamo miele di alta qualit\u00e0, rispettando i ritmi della natura e seguendo metodi tradizionali che garantiscono genuinit\u00e0 e sapore. Dalla nostra cera d\u2019api naturale ricaviamo candele, cosmetici e oggetti artigianali che raccontano una storia di semplicit\u00e0 e bellezza.\n\nLa nostra cooperativa \u00e8 anche un progetto sociale e ambientale: promuoviamo la biodiversit\u00e0, sosteniamo l\u2019economia locale e trasmettiamo alle nuove generazioni i valori dell\u2019apicoltura sostenibile.\n\nMonti Azzurri \u00e8 pi\u00f9 di un nome: \u00e8 un impegno verso la terra, le api e chi sceglie la qualit\u00e0 che nasce dalla cura.<\/p>\t\t\t\t<\/div>\n\t\t\t\t<\/div>\n\t\t\t\t\t<\/div>\n\t\t<\/div>\n\t\t\t\t<div class=\"elementor-column elementor-col-50 elementor-top-column elementor-element elementor-element-f538a06\" data-id=\"f538a06\" data-element_type=\"column\">\n\t\t\t<div class=\"elementor-widget-wrap elementor-element-populated\">\n\t\t\t\t\t\t<div class=\"elementor-element elementor-element-482018d elementor-widget elementor-widget-image\" data-id=\"482018d\" data-element_type=\"widget\" data-widget_type=\"image.default\">\n\t\t\t\t<div class=\"elementor-widget-container\">\n\t\t\t\t\t\t\t\t\t\t\t\t\t\t\t<img decoding=\"async\" src=\"https:\/\/cooperativamontiazzurri.it\/wp-content\/uploads\/elementor\/thumbs\/chi-siamo-img-2-r341p2cg94i7xylvoa909bdfoy3551b8l8j3on5594.jpg\" title=\"chi-siamo-img-2\" alt=\"chi-siamo-img-2\" loading=\"lazy\" \/>\t\t\t\t\t\t\t\t\t\t\t\t\t\t\t<\/div>\n\t\t\t\t<\/div>\n\t\t\t\t<div class=\"elementor-element elementor-element-a48cad8 elementor-widget__width-initial elementor-absolute elementor-widget elementor-widget-spacer\" data-id=\"a48cad8\" data-element_type=\"widget\" data-settings=\"{&quot;_position&quot;:&quot;absolute&quot;}\" data-widget_type=\"spacer.default\">\n\t\t\t\t<div class=\"elementor-widget-container\">\n\t\t\t\t\t\t\t<div class=\"elementor-spacer\">\n\t\t\t<div class=\"elementor-spacer-inner\"><\/div>\n\t\t<\/div>\n\t\t\t\t\t\t<\/div>\n\t\t\t\t<\/div>\n\t\t\t\t<div class=\"elementor-element elementor-element-4e94405 elementor-widget__width-initial elementor-absolute elementor-widget elementor-widget-spacer\" data-id=\"4e94405\" data-element_type=\"widget\" data-settings=\"{&quot;_position&quot;:&quot;absolute&quot;}\" data-widget_type=\"spacer.default\">\n\t\t\t\t<div class=\"elementor-widget-container\">\n\t\t\t\t\t\t\t<div class=\"elementor-spacer\">\n\t\t\t<div class=\"elementor-spacer-inner\"><\/div>\n\t\t<\/div>\n\t\t\t\t\t\t<\/div>\n\t\t\t\t<\/div>\n\t\t\t\t\t<\/div>\n\t\t<\/div>\n\t\t\t\t\t<\/div>\n\t\t<\/div>\n\t\t\t\t<\/div>\n\t\t","protected":false},"excerpt":{"rendered":"<p>Home Chi siamo Benvenuti Cooperativa Monti Azzurri La Cooperativa Monti Azzurri nasce ai piedi dell\u2019Appennino, dove la natura incontaminata e l\u2019amore per le api si incontrano per dare vita a prodotti autentici e sostenibili. Siamo un gruppo di apicoltori e artigiani uniti dalla passione per il territorio e dalla volont\u00e0 di valorizzare i frutti del&#8230;<\/p>\n","protected":false},"author":1,"featured_media":0,"parent":0,"menu_order":0,"comment_status":"closed","ping_status":"closed","template":"","meta":{"footnotes":""},"class_list":{"0":"post-4016","1":"page","2":"type-page","3":"status-publish","4":"hentry","5":"nt-post-class","6":"","8":"thumb-none","10":"excerpt-none"},"_links":{"self":[{"href":"https:\/\/cooperativamontiazzurri.it\/index.php?rest_route=\/wp\/v2\/pages\/4016","targetHints":{"allow":["GET"]}}],"collection":[{"href":"https:\/\/cooperativamontiazzurri.it\/index.php?rest_route=\/wp\/v2\/pages"}],"about":[{"href":"https:\/\/cooperativamontiazzurri.it\/index.php?rest_route=\/wp\/v2\/types\/page"}],"author":[{"embeddable":true,"href":"https:\/\/cooperativamontiazzurri.it\/index.php?rest_route=\/wp\/v2\/users\/1"}],"replies":[{"embeddable":true,"href":"https:\/\/cooperativamontiazzurri.it\/index.php?rest_route=%2Fwp%2Fv2%2Fcomments&post=4016"}],"version-history":[{"count":22,"href":"https:\/\/cooperativamontiazzurri.it\/index.php?rest_route=\/wp\/v2\/pages\/4016\/revisions"}],"predecessor-version":[{"id":6075,"href":"https:\/\/cooperativamontiazzurri.it\/index.php?rest_route=\/wp\/v2\/pages\/4016\/revisions\/6075"}],"wp:attachment":[{"href":"https:\/\/cooperativamontiazzurri.it\/index.php?rest_route=%2Fwp%2Fv2%2Fmedia&parent=4016"}],"curies":[{"name":"wp","href":"https:\/\/api.w.org\/{rel}","templated":true}]}}